{"id":70,"date":"2024-07-24T22:01:07","date_gmt":"2024-07-25T01:01:07","guid":{"rendered":"https:\/\/innovapav.com.br\/es\/quienes-somos\/"},"modified":"2024-07-24T22:01:16","modified_gmt":"2024-07-25T01:01:16","slug":"quienes-somos","status":"publish","type":"page","link":"https:\/\/innovapav.com.br\/es\/quienes-somos\/","title":{"rendered":"QUI\u00c9NES SOMOS"},"content":{"rendered":"\t\t<div data-elementor-type=\"wp-page\" data-elementor-id=\"70\" class=\"elementor elementor-70\" data-elementor-post-type=\"page\">\n\t\t\t\t<div class=\"elementor-element elementor-element-3133f96b e-flex e-con-boxed e-con e-parent\" data-id=\"3133f96b\" data-element_type=\"container\" data-settings=\"{&quot;background_background&quot;:&quot;classic&quot;}\">\n\t\t\t\t\t<div class=\"e-con-inner\">\n\t\t\t\t<div class=\"elementor-element elementor-element-3b03045a elementor-widget elementor-widget-text-editor\" data-id=\"3b03045a\" data-element_type=\"widget\" data-widget_type=\"text-editor.default\">\n\t\t\t\t<div class=\"elementor-widget-container\">\n\t\t\t\t\t\t\t\t\t<span style=\"font-size: 8vmin;\"><em><strong>QUI\u00c9NES SOMOS<\/strong><\/em><\/span>\t\t\t\t\t\t\t\t<\/div>\n\t\t\t\t<\/div>\n\t\t\t\t\t<\/div>\n\t\t\t\t<\/div>\n\t\t<div class=\"elementor-element elementor-element-3d5d3360 e-flex e-con-boxed e-con e-parent\" data-id=\"3d5d3360\" data-element_type=\"container\">\n\t\t\t\t\t<div class=\"e-con-inner\">\n\t\t<div class=\"elementor-element elementor-element-57a220dd e-con-full e-flex e-con e-child\" data-id=\"57a220dd\" data-element_type=\"container\">\n\t\t\t\t<div class=\"elementor-element elementor-element-e65041b elementor-widget elementor-widget-text-editor\" data-id=\"e65041b\" data-element_type=\"widget\" data-widget_type=\"text-editor.default\">\n\t\t\t\t<div class=\"elementor-widget-container\">\n\t\t\t\t\t\t\t\t\t<p><em><strong>INNOVA<\/strong><\/em> fue creada en base al conocimiento y experiencia de sus fundadores en el campo de repuestos y servicios para equipos de construcci\u00f3n en general. Tenemos m\u00e1s de 25 a\u00f1os de experiencia y compromiso con la industria. Revendemos y fabricamos piezas, alquilamos equipos, prestamos servicios y desarrollamos productos, atendiendo a clientes en todo el mundo.<\/p><p><em><strong>INNOVA<\/strong><\/em> fue creada con el objetivo de cambiar el mercado de piezas y servicios para equipos de pavimentaci\u00f3n..<\/p><p>Todo el conocimiento y experiencia adquiridos por los fundadores y profesionales de Innova, el equipo t\u00e9cnico de vendedores y ingenieros, alineados con la evoluci\u00f3n y actualizaci\u00f3n tecnol\u00f3gica del mercado, se transforma en atenci\u00f3n personalizada al cliente, identificando y acompa\u00f1ando las necesidades reales y ofreciendo desde una soluci\u00f3n de stock personalizada y inteligente hasta el desarrollo de piezas y proyectos para atender necesidades espec\u00edficas de los clientes.<\/p>\t\t\t\t\t\t\t\t<\/div>\n\t\t\t\t<\/div>\n\t\t\t\t<\/div>\n\t\t\t\t<div class=\"elementor-element elementor-element-6c1e6709 elementor-widget__width-initial elementor-widget elementor-widget-image\" data-id=\"6c1e6709\" data-element_type=\"widget\" data-widget_type=\"image.default\">\n\t\t\t\t<div class=\"elementor-widget-container\">\n\t\t\t\t\t\t\t\t\t\t\t\t\t\t\t<img fetchpriority=\"high\" decoding=\"async\" width=\"655\" height=\"688\" src=\"https:\/\/innovapav.com.br\/es\/wp-content\/uploads\/sites\/2\/2024\/07\/sobre-nos.webp\" class=\"attachment-full size-full wp-image-60\" alt=\"\" srcset=\"https:\/\/innovapav.com.br\/es\/wp-content\/uploads\/sites\/2\/2024\/07\/sobre-nos.webp 655w, https:\/\/innovapav.com.br\/es\/wp-content\/uploads\/sites\/2\/2024\/07\/sobre-nos-286x300.webp 286w\" sizes=\"(max-width: 655px) 100vw, 655px\" \/>\t\t\t\t\t\t\t\t\t\t\t\t\t\t\t<\/div>\n\t\t\t\t<\/div>\n\t\t\t\t\t<\/div>\n\t\t\t\t<\/div>\n\t\t<div class=\"elementor-element elementor-element-6521e641 e-con-full e-flex e-con e-parent\" data-id=\"6521e641\" data-element_type=\"container\">\n\t\t<div class=\"elementor-element elementor-element-51e34581 e-con-full e-flex e-con e-child\" data-id=\"51e34581\" data-element_type=\"container\" data-settings=\"{&quot;background_background&quot;:&quot;classic&quot;}\">\n\t\t\t\t<div class=\"elementor-element elementor-element-708aa7d0 elementor-position-top elementor-widget elementor-widget-image-box\" data-id=\"708aa7d0\" data-element_type=\"widget\" data-widget_type=\"image-box.default\">\n\t\t\t\t<div class=\"elementor-widget-container\">\n\t\t\t\t\t<div class=\"elementor-image-box-wrapper\"><figure class=\"elementor-image-box-img\"><img decoding=\"async\" width=\"300\" height=\"300\" src=\"https:\/\/innovapav.com.br\/es\/wp-content\/uploads\/sites\/2\/2024\/07\/missao.webp\" class=\"attachment-full size-full wp-image-72\" alt=\"\" srcset=\"https:\/\/innovapav.com.br\/es\/wp-content\/uploads\/sites\/2\/2024\/07\/missao.webp 300w, https:\/\/innovapav.com.br\/es\/wp-content\/uploads\/sites\/2\/2024\/07\/missao-150x150.webp 150w\" sizes=\"(max-width: 300px) 100vw, 300px\" \/><\/figure><div class=\"elementor-image-box-content\"><h3 class=\"elementor-image-box-title\">NUESTRA MISI\u00d3N<\/h3><p class=\"elementor-image-box-description\">Garantizar la excelencia en nuestros servicios, valorizando a nuestros clientes y tornando nuestra empresa l\u00edder en venda de repuestos.<\/p><\/div><\/div>\t\t\t\t<\/div>\n\t\t\t\t<\/div>\n\t\t\t\t<\/div>\n\t\t<div class=\"elementor-element elementor-element-501e5ed0 e-con-full e-flex e-con e-child\" data-id=\"501e5ed0\" data-element_type=\"container\" data-settings=\"{&quot;background_background&quot;:&quot;classic&quot;}\">\n\t\t\t\t<div class=\"elementor-element elementor-element-4d6e9c81 elementor-position-top elementor-widget elementor-widget-image-box\" data-id=\"4d6e9c81\" data-element_type=\"widget\" data-widget_type=\"image-box.default\">\n\t\t\t\t<div class=\"elementor-widget-container\">\n\t\t\t\t\t<div class=\"elementor-image-box-wrapper\"><figure class=\"elementor-image-box-img\"><img decoding=\"async\" width=\"300\" height=\"300\" src=\"https:\/\/innovapav.com.br\/es\/wp-content\/uploads\/sites\/2\/2024\/07\/visao.webp\" class=\"attachment-full size-full wp-image-73\" alt=\"\" srcset=\"https:\/\/innovapav.com.br\/es\/wp-content\/uploads\/sites\/2\/2024\/07\/visao.webp 300w, https:\/\/innovapav.com.br\/es\/wp-content\/uploads\/sites\/2\/2024\/07\/visao-150x150.webp 150w\" sizes=\"(max-width: 300px) 100vw, 300px\" \/><\/figure><div class=\"elementor-image-box-content\"><h3 class=\"elementor-image-box-title\">VISI\u00d3N<\/h3><p class=\"elementor-image-box-description\">Ser una referencia en el mercado que atuamos<\/p><\/div><\/div>\t\t\t\t<\/div>\n\t\t\t\t<\/div>\n\t\t\t\t<\/div>\n\t\t<div class=\"elementor-element elementor-element-2fccbe4f e-con-full e-flex e-con e-child\" data-id=\"2fccbe4f\" data-element_type=\"container\" data-settings=\"{&quot;background_background&quot;:&quot;classic&quot;}\">\n\t\t\t\t<div class=\"elementor-element elementor-element-5aa57802 elementor-position-top elementor-widget elementor-widget-image-box\" data-id=\"5aa57802\" data-element_type=\"widget\" data-widget_type=\"image-box.default\">\n\t\t\t\t<div class=\"elementor-widget-container\">\n\t\t\t\t\t<div class=\"elementor-image-box-wrapper\"><figure class=\"elementor-image-box-img\"><img loading=\"lazy\" decoding=\"async\" width=\"300\" height=\"300\" src=\"https:\/\/innovapav.com.br\/es\/wp-content\/uploads\/sites\/2\/2024\/07\/valores.webp\" class=\"attachment-full size-full wp-image-74\" alt=\"\" srcset=\"https:\/\/innovapav.com.br\/es\/wp-content\/uploads\/sites\/2\/2024\/07\/valores.webp 300w, https:\/\/innovapav.com.br\/es\/wp-content\/uploads\/sites\/2\/2024\/07\/valores-150x150.webp 150w\" sizes=\"(max-width: 300px) 100vw, 300px\" \/><\/figure><div class=\"elementor-image-box-content\"><h3 class=\"elementor-image-box-title\">VALORES<\/h3><p class=\"elementor-image-box-description\">Transparencia y compromiso en la relaci\u00f3n con el cliente.<\/p><\/div><\/div>\t\t\t\t<\/div>\n\t\t\t\t<\/div>\n\t\t\t\t<\/div>\n\t\t\t\t<\/div>\n\t\t\t\t<\/div>\n\t\t","protected":false},"excerpt":{"rendered":"<p>QUI\u00c9NES SOMOS INNOVA fue creada en base al conocimiento y experiencia de sus fundadores en el campo de repuestos y servicios para equipos de construcci\u00f3n en general. Tenemos m\u00e1s de 25 a\u00f1os de experiencia y compromiso con la industria. Revendemos y fabricamos piezas, alquilamos equipos, prestamos servicios y desarrollamos productos, atendiendo a clientes en todo [&hellip;]<\/p>\n","protected":false},"author":1,"featured_media":0,"parent":0,"menu_order":0,"comment_status":"closed","ping_status":"closed","template":"elementor_header_footer","meta":{"footnotes":""},"class_list":["post-70","page","type-page","status-publish","hentry"],"_links":{"self":[{"href":"https:\/\/innovapav.com.br\/es\/wp-json\/wp\/v2\/pages\/70","targetHints":{"allow":["GET"]}}],"collection":[{"href":"https:\/\/innovapav.com.br\/es\/wp-json\/wp\/v2\/pages"}],"about":[{"href":"https:\/\/innovapav.com.br\/es\/wp-json\/wp\/v2\/types\/page"}],"author":[{"embeddable":true,"href":"https:\/\/innovapav.com.br\/es\/wp-json\/wp\/v2\/users\/1"}],"replies":[{"embeddable":true,"href":"https:\/\/innovapav.com.br\/es\/wp-json\/wp\/v2\/comments?post=70"}],"version-history":[{"count":4,"href":"https:\/\/innovapav.com.br\/es\/wp-json\/wp\/v2\/pages\/70\/revisions"}],"predecessor-version":[{"id":109,"href":"https:\/\/innovapav.com.br\/es\/wp-json\/wp\/v2\/pages\/70\/revisions\/109"}],"wp:attachment":[{"href":"https:\/\/innovapav.com.br\/es\/wp-json\/wp\/v2\/media?parent=70"}],"curies":[{"name":"wp","href":"https:\/\/api.w.org\/{rel}","templated":true}]}}